{"id":27,"date":"2024-06-09T10:52:48","date_gmt":"2024-06-09T10:52:48","guid":{"rendered":"https:\/\/vmsautomation.ro\/?page_id=27"},"modified":"2024-09-19T08:18:59","modified_gmt":"2024-09-19T08:18:59","slug":"despre_noi","status":"publish","type":"page","link":"https:\/\/vmsautomation.ro\/index.php\/despre_noi\/","title":{"rendered":"Despre_noi"},"content":{"rendered":"<p>VMS AUTOMATION este un furnizor independent de solu\u021bii pentru automatiz\u0103ri industriale, servicii de proiectare, componente \u0219i sisteme la cheie, at\u00e2t pentru produc\u0103torii de utilaje c\u00e2t \u0219i pentru clien\u021bii finali.<\/p>\n<p>Compania are o experien\u021b\u0103 cumulat\u0103 de peste 30 de ani, av\u00e2nd o expertiz\u0103 demonstrat\u0103 \u00een oferirea de solu\u021bii de automatizare, machine vision, safety, concept sta\u021bii \u0219i linii de asamblare, produc\u021bie \u0219i testare.<\/p>\n<p>VMS AUTOMATION este partener oficial \u0219i unic distribuitor AUTOROTOR \u00een Rom\u00e2nia, companie cu peste 42 de ani de experien\u021b\u0103, specializat\u0103 \u00een producerea de mese rotative, manipulatoare, conveioare \u0219i ma\u0219ini pentru cele mai variate sectoare industriale.<\/p>\n<p>VMS AUTOMATION este partener oficial \u0219i unic distribuitor SONIMAT \u00een Rom\u00e2nia, lider global in sudura si taierea materialelor compozite.<\/p>\n<p>&nbsp;<\/p>\n<p>&nbsp;<\/p>\n<p>&nbsp;<\/p>\n","protected":false},"excerpt":{"rendered":"<p>VMS AUTOMATION este un furnizor independent de solu\u021bii pentru automatiz\u0103ri industriale, servicii de proiectare, componente \u0219i sisteme la cheie, at\u00e2t pentru produc\u0103torii de utilaje c\u00e2t \u0219i pentru clien\u021bii finali. Compania are o experien\u021b\u0103 cumulat\u0103 de peste 30 de ani, av\u00e2nd o expertiz\u0103 demonstrat\u0103 \u00een oferirea de solu\u021bii de automatizare, machine vision, safety, concept sta\u021bii \u0219i [&hellip;]<\/p>\n","protected":false},"author":1,"featured_media":0,"parent":0,"menu_order":0,"comment_status":"closed","ping_status":"closed","template":"","meta":{"_uag_custom_page_level_css":"","footnotes":""},"class_list":["post-27","page","type-page","status-publish","hentry"],"uagb_featured_image_src":{"full":false,"thumbnail":false,"medium":false,"medium_large":false,"large":false,"1536x1536":false,"2048x2048":false},"uagb_author_info":{"display_name":"admin","author_link":"https:\/\/vmsautomation.ro\/index.php\/author\/vmsautom\/"},"uagb_comment_info":0,"uagb_excerpt":"VMS AUTOMATION este un furnizor independent de solu\u021bii pentru automatiz\u0103ri industriale, servicii de proiectare, componente \u0219i sisteme la cheie, at\u00e2t pentru produc\u0103torii de utilaje c\u00e2t \u0219i pentru clien\u021bii finali. Compania are o experien\u021b\u0103 cumulat\u0103 de peste 30 de ani, av\u00e2nd o expertiz\u0103 demonstrat\u0103 \u00een oferirea de solu\u021bii de automatizare, machine vision, safety, concept sta\u021bii \u0219i&hellip;","_links":{"self":[{"href":"https:\/\/vmsautomation.ro\/index.php\/wp-json\/wp\/v2\/pages\/27","targetHints":{"allow":["GET"]}}],"collection":[{"href":"https:\/\/vmsautomation.ro\/index.php\/wp-json\/wp\/v2\/pages"}],"about":[{"href":"https:\/\/vmsautomation.ro\/index.php\/wp-json\/wp\/v2\/types\/page"}],"author":[{"embeddable":true,"href":"https:\/\/vmsautomation.ro\/index.php\/wp-json\/wp\/v2\/users\/1"}],"replies":[{"embeddable":true,"href":"https:\/\/vmsautomation.ro\/index.php\/wp-json\/wp\/v2\/comments?post=27"}],"version-history":[{"count":8,"href":"https:\/\/vmsautomation.ro\/index.php\/wp-json\/wp\/v2\/pages\/27\/revisions"}],"predecessor-version":[{"id":251,"href":"https:\/\/vmsautomation.ro\/index.php\/wp-json\/wp\/v2\/pages\/27\/revisions\/251"}],"wp:attachment":[{"href":"https:\/\/vmsautomation.ro\/index.php\/wp-json\/wp\/v2\/media?parent=27"}],"curies":[{"name":"wp","href":"https:\/\/api.w.org\/{rel}","templated":true}]}}