{"id":44,"date":"2024-06-09T10:54:12","date_gmt":"2024-06-09T10:54:12","guid":{"rendered":"https:\/\/vmsautomation.ro\/?page_id=44"},"modified":"2024-09-19T10:04:57","modified_gmt":"2024-09-19T10:04:57","slug":"parteneri","status":"publish","type":"page","link":"https:\/\/vmsautomation.ro\/","title":{"rendered":"HOME"},"content":{"rendered":"<div class=\"wp-block-uagb-container uagb-block-f3c6156e alignfull uagb-is-root-container\">\r\n<div class=\"uagb-container-inner-blocks-wrap\">\r\n<div class=\"wp-block-group\"><div id=\"metaslider-id-143\" style=\"max-width: 2000px; margin: 0 auto;\" class=\"ml-slider-3-80-0 metaslider metaslider-flex metaslider-143 ml-slider hide-navigation-smartphone ms-theme-disjoint has-dots-nav\" role=\"region\" aria-roledescription=\"Slideshow\" aria-label=\"Slide Parteneri\">\n    <div id=\"metaslider_container_143\">\n        <div id=\"metaslider_143\">\n            <ul class='slides'>\n                <li style=\"display: block; width: 100%;\" class=\"slide-144 ms-image \" aria-roledescription=\"slide\" aria-label=\"slide-144\"><a href=\"https:\/\/sonimat.com\/en\/plastic-welding\/technologies\/infrared-plastic-welding\/\" target=\"_blank\"><img loading=\"lazy\" decoding=\"async\" src=\"https:\/\/vmsautomation.ro\/wp-content\/uploads\/2024\/06\/image_5.jpeg\" height=\"900\" width=\"2000\" alt=\"\" class=\"slider-143 slide-144\" title=\"image_5\" \/><\/a><div class=\"caption-wrap\"><div class=\"caption\"><div>Sudura cu tehnologie infrarosu asigura cea mai mare calitate a imbinarilor pieselor cu geometrii complexe.<\/div><\/div><\/div><\/li>\n                <li style=\"display: none; width: 100%;\" class=\"slide-145 ms-image \" aria-roledescription=\"slide\" aria-label=\"slide-145\"><a href=\"https:\/\/sonimat.com\/en\/fabrics\/technologies\/ultrasonic-cutting-welding-for-fabrics\/\" target=\"_blank\"><img loading=\"lazy\" decoding=\"async\" src=\"https:\/\/vmsautomation.ro\/wp-content\/uploads\/2024\/06\/image_7-1-e1717938502546.jpeg\" height=\"900\" width=\"2000\" alt=\"\" class=\"slider-143 slide-145\" title=\"image_7\" \/><\/a><div class=\"caption-wrap\"><div class=\"caption\"><div>Taierea cu ultrasunete a materialelor compozite ofera cea mai mare precizie si repetabilitate.<\/div><\/div><\/div><\/li>\n                <li style=\"display: none; width: 100%;\" class=\"slide-146 ms-image \" aria-roledescription=\"slide\" aria-label=\"slide-146\"><a href=\"https:\/\/sonimat.com\/en\/ultrasonic-food-cutting\/technologies\/ultrasonic-slicing\/\" target=\"_blank\"><img loading=\"lazy\" decoding=\"async\" src=\"https:\/\/vmsautomation.ro\/wp-content\/uploads\/2024\/06\/image_6-1-e1724747791156.jpeg\" height=\"900\" width=\"2000\" alt=\"\" class=\"slider-143 slide-146\" title=\"image_6\" \/><\/a><div class=\"caption-wrap\"><div class=\"caption\"><div>Taiere cu ultrasunete in industria alimentara.<\/div><\/div><\/div><\/li>\n                <li style=\"display: none; width: 100%;\" class=\"slide-199 ms-image \" aria-roledescription=\"slide\" aria-label=\"slide-199\"><img loading=\"lazy\" decoding=\"async\" src=\"https:\/\/vmsautomation.ro\/wp-content\/uploads\/2024\/08\/378142365_1027741355219266_5181534103860056818_n-1030x463.jpg\" height=\"900\" width=\"2000\" alt=\"\" class=\"slider-143 slide-199\" title=\"378142365_1027741355219266_5181534103860056818_n\" \/><div class=\"caption-wrap\"><div class=\"caption\"><div>Conveioare de inalta precizie cu manipulatoare mecanice\u00a0<\/div><\/div><\/div><\/li>\n                <li style=\"display: none; width: 100%;\" class=\"slide-200 ms-image \" aria-roledescription=\"slide\" aria-label=\"slide-200\"><img loading=\"lazy\" decoding=\"async\" src=\"https:\/\/vmsautomation.ro\/wp-content\/uploads\/2024\/08\/116393107_4228276803910455_4507005113703732569_n-960x431.jpg\" height=\"900\" width=\"2000\" alt=\"\" class=\"slider-143 slide-200\" title=\"116393107_4228276803910455_4507005113703732569_n\" \/><div class=\"caption-wrap\"><div class=\"caption\"><div>indexoare - inele rotative<\/div><\/div><\/div><\/li>\n                <li style=\"display: none; width: 100%;\" class=\"slide-201 ms-image \" aria-roledescription=\"slide\" aria-label=\"slide-201\"><img loading=\"lazy\" decoding=\"async\" src=\"https:\/\/vmsautomation.ro\/wp-content\/uploads\/2024\/08\/123799694_4720452891359508_8175714081033397021_n-960x431.jpg\" height=\"900\" width=\"2000\" alt=\"\" class=\"slider-143 slide-201\" title=\"123799694_4720452891359508_8175714081033397021_n\" \/><div class=\"caption-wrap\"><div class=\"caption\"><div>Solutia perfecta pentru sudura, vopsire sau orice alta operatiune\u00a0<\/div><\/div><\/div><\/li>\n            <\/ul>\n        <\/div>\n        \n    <\/div>\n<\/div><\/div>\r\n<\/div>\r\n<\/div>\r\n<div>\r\n<div class=\"wp-block-group\">\r\n<p>VMS AUTOMATION este un furnizor independent de solu\u021bii pentru automatiz\u0103ri industriale, servicii de proiectare, componente \u0219i sisteme la cheie, at\u00e2t pentru produc\u0103torii de utilaje c\u00e2t \u0219i pentru clien\u021bii finali.<\/p>\r\n<p>Compania are o experien\u021b\u0103 cumulat\u0103 de peste 30 de ani, av\u00e2nd o expertiz\u0103 demonstrat\u0103 \u00een oferirea de solu\u021bii de automatizare, machine vision, safety, concept sta\u021bii \u0219i linii de asamblare, produc\u021bie \u0219i testare.<\/p>\r\n<p>VMS AUTOMATION este partener oficial \u0219i unic distribuitor AUTOROTOR \u00een Rom\u00e2nia, companie cu peste 42 de ani de experien\u021b\u0103, specializat\u0103 \u00een producerea de mese rotative, manipulatoare, conveioare \u0219i ma\u0219ini pentru cele mai variate sectoare industriale.<\/p>\r\n<p>VMS AUTOMATION este partener oficial \u0219i unic distribuitor SONIMAT \u00een Rom\u00e2nia, lider global in sudura si taierea materialelor compozite.<\/p>\r\n<\/div>\r\n<\/div>\r\n<div class=\"wp-block-uagb-container uagb-block-f3c6156e alignfull uagb-is-root-container\">\r\n<div class=\"uagb-container-inner-blocks-wrap\">\r\n<div class=\"wp-block-group\">\u00a0<\/div>\r\n<\/div>\r\n<\/div>\r\n<!-- \/wp:post-content -->\r\n\r\n<!-- wp:image {\"lightbox\":{\"enabled\":false},\"id\":121,\"width\":\"389px\",\"height\":\"auto\",\"sizeSlug\":\"full\",\"linkDestination\":\"custom\",\"align\":\"right\"} -->\r\n<figure class=\"wp-block-image alignright size-full is-resized\"><br \/>\r\n<figcaption class=\"wp-element-caption\"><br \/><br \/><br \/><br \/><br \/><\/figcaption>\r\n<\/figure>\r\n<!-- \/wp:image -->\r\n\r\n<!-- wp:image {\"lightbox\":{\"enabled\":false},\"id\":120,\"width\":\"477px\",\"height\":\"auto\",\"sizeSlug\":\"full\",\"linkDestination\":\"custom\",\"align\":\"left\"} -->\r\n<figure class=\"wp-block-image alignleft size-full is-resized\"><br \/>\r\n<figcaption class=\"wp-element-caption\"><\/figcaption>\r\n<\/figure>\r\n<!-- \/wp:image -->\r\n\r\n<!-- wp:uagb\/container {\"block_id\":\"971e716b\",\"variationSelected\":true,\"isBlockRootParent\":true} -->\r\n<div class=\"wp-block-uagb-container uagb-block-971e716b alignfull uagb-is-root-container\">\r\n<div class=\"uagb-container-inner-blocks-wrap\">\u00a0<\/div>\r\n<\/div>\r\n<!-- \/wp:uagb\/container -->\r\n\r\n<!-- wp:uagb\/container {\"block_id\":\"af1fa9af\",\"isBlockRootParent\":true} -->\r\n<div class=\"wp-block-uagb-container uagb-block-af1fa9af alignfull uagb-is-root-container\">\r\n<div class=\"uagb-container-inner-blocks-wrap\">\u00a0<\/div>\r\n<\/div>\r\n<!-- \/wp:uagb\/container -->","protected":false},"excerpt":{"rendered":"<p>VMS AUTOMATION este un furnizor independent de solu\u021bii pentru automatiz\u0103ri industriale, servicii de proiectare, componente \u0219i sisteme la cheie, at\u00e2t pentru produc\u0103torii de utilaje c\u00e2t \u0219i pentru clien\u021bii finali. Compania are o experien\u021b\u0103 cumulat\u0103 de peste 30 de ani, av\u00e2nd o expertiz\u0103 demonstrat\u0103 \u00een oferirea de solu\u021bii de automatizare, machine vision, safety, concept sta\u021bii \u0219i [&hellip;]<\/p>\n","protected":false},"author":1,"featured_media":0,"parent":0,"menu_order":0,"comment_status":"closed","ping_status":"closed","template":"","meta":{"_uag_custom_page_level_css":"","footnotes":""},"class_list":["post-44","page","type-page","status-publish","hentry"],"uagb_featured_image_src":{"full":false,"thumbnail":false,"medium":false,"medium_large":false,"large":false,"1536x1536":false,"2048x2048":false},"uagb_author_info":{"display_name":"admin","author_link":"https:\/\/vmsautomation.ro\/index.php\/author\/vmsautom\/"},"uagb_comment_info":0,"uagb_excerpt":"VMS AUTOMATION este un furnizor independent de solu\u021bii pentru automatiz\u0103ri industriale, servicii de proiectare, componente \u0219i sisteme la cheie, at\u00e2t pentru produc\u0103torii de utilaje c\u00e2t \u0219i pentru clien\u021bii finali. Compania are o experien\u021b\u0103 cumulat\u0103 de peste 30 de ani, av\u00e2nd o expertiz\u0103 demonstrat\u0103 \u00een oferirea de solu\u021bii de automatizare, machine vision, safety, concept sta\u021bii \u0219i&hellip;","_links":{"self":[{"href":"https:\/\/vmsautomation.ro\/index.php\/wp-json\/wp\/v2\/pages\/44","targetHints":{"allow":["GET"]}}],"collection":[{"href":"https:\/\/vmsautomation.ro\/index.php\/wp-json\/wp\/v2\/pages"}],"about":[{"href":"https:\/\/vmsautomation.ro\/index.php\/wp-json\/wp\/v2\/types\/page"}],"author":[{"embeddable":true,"href":"https:\/\/vmsautomation.ro\/index.php\/wp-json\/wp\/v2\/users\/1"}],"replies":[{"embeddable":true,"href":"https:\/\/vmsautomation.ro\/index.php\/wp-json\/wp\/v2\/comments?post=44"}],"version-history":[{"count":44,"href":"https:\/\/vmsautomation.ro\/index.php\/wp-json\/wp\/v2\/pages\/44\/revisions"}],"predecessor-version":[{"id":287,"href":"https:\/\/vmsautomation.ro\/index.php\/wp-json\/wp\/v2\/pages\/44\/revisions\/287"}],"wp:attachment":[{"href":"https:\/\/vmsautomation.ro\/index.php\/wp-json\/wp\/v2\/media?parent=44"}],"curies":[{"name":"wp","href":"https:\/\/api.w.org\/{rel}","templated":true}]}}